{"id":35,"date":"2025-10-27T12:14:38","date_gmt":"2025-10-27T12:14:38","guid":{"rendered":"https:\/\/demo.academiaempreendedor.pt\/?page_id=35"},"modified":"2025-10-27T16:23:15","modified_gmt":"2025-10-27T16:23:15","slug":"home","status":"publish","type":"page","link":"https:\/\/demo.academiaempreendedor.pt\/","title":{"rendered":"Home"},"content":{"rendered":"\t\t<div data-elementor-type=\"wp-page\" data-elementor-id=\"35\" class=\"elementor elementor-35\" data-elementor-post-type=\"page\">\n\t\t\t\t<div class=\"elementor-element elementor-element-fd0b27e e-con-full e-flex e-con e-parent\" data-id=\"fd0b27e\" data-element_type=\"container\" data-settings=\"{&quot;background_background&quot;:&quot;classic&quot;}\">\n\t\t\t\t<div class=\"elementor-element elementor-element-003c743 elementor-widget elementor-widget-heading\" data-id=\"003c743\" data-element_type=\"widget\" data-widget_type=\"heading.default\">\n\t\t\t\t\t<h1 class=\"elementor-heading-title elementor-size-default\">Portal de Forma\u00e7\u00e3o<\/h1>\t\t\t\t<\/div>\n\t\t\t\t<\/div>\n\t\t<div class=\"elementor-element elementor-element-eb83c1b e-flex e-con-boxed e-con e-parent\" data-id=\"eb83c1b\" data-element_type=\"container\">\n\t\t\t\t\t<div class=\"e-con-inner\">\n\t\t\t\t<div class=\"elementor-element elementor-element-862862c elementor-widget elementor-widget-etlms-course-list tutor-addon etlms-course-list\" data-id=\"862862c\" data-element_type=\"widget\" data-widget_type=\"etlms-course-list.default\">\n\t\t\t\t<div class=\"elementor-widget-container\">\n\t\t\t\t\t<div class=\"tutor-wrap tutor-courses-wrap tutor-container etlms-course-list-main-wrap\">\n\t\n\t\t<div class=\"tutor-empty-state td-empty-state tutor-p-32 tutor-text-center\">\n\t\t\t<img decoding=\"async\" src=\"https:\/\/demo.academiaempreendedor.pt\/wp-content\/plugins\/tutor\/assets\/images\/emptystate.svg\" alt=\"No Course Found\" width=\"85%\" \/>\n\t\t\t<div class=\"tutor-fs-6 tutor-color-secondary tutor-text-center\">\n\t\t\tNo Course Found\t\t\t<\/div>\n\t\t<\/div>\n\t\t<\/div>\n<div class=\"tutor-modal tutor-login-modal\">\n\t<div class=\"tutor-modal-overlay\"><\/div>\n\t<div class=\"tutor-modal-window tutor-modal-window-sm\">\n\t\t<div class=\"tutor-modal-content tutor-modal-content-white\">\n\t\t\t<button class=\"tutor-iconic-btn tutor-modal-close-o\" data-tutor-modal-close>\n\t\t\t\t<span class=\"tutor-icon-times\" area-hidden=\"true\"><\/span>\n\t\t\t<\/button>\n\n\t\t\t<div class=\"tutor-modal-body\">\n\t\t\t\t<div class=\"tutor-py-48\">\n\t\t\t\t\t\t\t\t\t\t<div class=\"tutor-fs-4 tutor-fw-medium tutor-color-black tutor-mb-32\">Hi, Welcome back!<\/div>\n\t\t\t\t\t<form id=\"tutor-login-form\" method=\"post\">\n\t\t<input type=\"hidden\" id=\"_tutor_nonce\" name=\"_tutor_nonce\" value=\"f0b15971f8\" \/><input type=\"hidden\" name=\"_wp_http_referer\" value=\"\/index.php?rest_route=%2Fwp%2Fv2%2Fpages%2F35\" \/>\t<input type=\"hidden\" name=\"tutor_action\" value=\"tutor_user_login\" \/>\n\t<input type=\"hidden\" name=\"redirect_to\" value=\"https:\/\/demo.academiaempreendedor.pt\/index.php?rest_route=%2Fwp%2Fv2%2Fpages%2F35\" \/>\n\n\t<div class=\"tutor-mb-20\">\n\t\t<input type=\"text\" class=\"tutor-form-control\" placeholder=\"Nome de utilizador ou endere\u00e7o de email\" name=\"log\" value=\"\" size=\"20\" required\/>\n\t<\/div>\n\n\t<div class=\"tutor-mb-32\">\n\t\t<input type=\"password\" class=\"tutor-form-control\" placeholder=\"Senha\" name=\"pwd\" value=\"\" size=\"20\" required\/>\n\t<\/div>\n\n\t<div class=\"tutor-login-error\"><\/div>\n\t\t\t<input type=\"hidden\" name=\"timezone\" value=\"Europe\/Lisbon\" \/>\n\t\t<script>\n\t\t\tdocument.addEventListener('DOMContentLoaded', function() {\n\t\t\t\tconst timezone = document.querySelector('input[name=\"timezone\"]');\n\t\t\t\tif ( timezone) {\n\t\t\t\t\tconst tz = Intl.DateTimeFormat().resolvedOptions().timeZone;\n\t\t\t\t\ttimezone.value = tz\n\t\t\t\t}\n\t\t\t});\n\t\t<\/script>\n\t\t\t<div class=\"tutor-d-flex tutor-justify-between tutor-align-center tutor-mb-40\">\n\t\t<div class=\"tutor-form-check\">\n\t\t\t<input id=\"tutor-login-agmnt-1\" type=\"checkbox\" class=\"tutor-form-check-input tutor-bg-black-40\" name=\"rememberme\" value=\"forever\" \/>\n\t\t\t<label for=\"tutor-login-agmnt-1\" class=\"tutor-fs-7 tutor-color-muted\">\n\t\t\t\tKeep me signed in\t\t\t<\/label>\n\t\t<\/div>\n\t\t<a href=\"https:\/\/demo.academiaempreendedor.pt\/?page_id=10\/retrieve-password\" class=\"tutor-btn tutor-btn-ghost\">\n\t\t\tEsqueceu-se da senha?\t\t<\/a>\n\t<\/div>\n\n\t\t<button type=\"submit\" class=\"tutor-btn tutor-btn-primary tutor-btn-block\">\n\t\tIniciar sess\u00e3o\t<\/button>\n\t\n\t\t<\/form>\n<script>\n\tdocument.addEventListener('DOMContentLoaded', function() {\n\t\tvar { __ } = wp.i18n;\n\t\tvar loginModal = document.querySelector('.tutor-modal.tutor-login-modal');\n\t\tvar errors = [];\n\t\tif (loginModal && errors.length) {\n\t\t\tloginModal.classList.add('tutor-is-active');\n\t\t}\n\t});\n<\/script>\n\n\t\t\t\t\t\t\t\t\t<\/div>\n\t\t\t\t\t\t\t<\/div>\n\t\t<\/div>\n\t<\/div>\n<\/div>\n\t\t\t\t<\/div>\n\t\t\t\t<\/div>\n\t\t\t\t\t<\/div>\n\t\t\t\t<\/div>\n\t\t\t\t<\/div>\n\t\t","protected":false},"excerpt":{"rendered":"<p>Portal de Forma\u00e7\u00e3o Curso 2 A By Academia Come\u00e7ar a aprender Curso 1 A By Academia Come\u00e7ar a aprender<\/p>\n","protected":false},"author":1,"featured_media":0,"parent":0,"menu_order":0,"comment_status":"closed","ping_status":"closed","template":"elementor_header_footer","meta":{"footnotes":""},"class_list":["post-35","page","type-page","status-publish","hentry"],"blocksy_meta":[],"_links":{"self":[{"href":"https:\/\/demo.academiaempreendedor.pt\/index.php?rest_route=\/wp\/v2\/pages\/35","targetHints":{"allow":["GET"]}}],"collection":[{"href":"https:\/\/demo.academiaempreendedor.pt\/index.php?rest_route=\/wp\/v2\/pages"}],"about":[{"href":"https:\/\/demo.academiaempreendedor.pt\/index.php?rest_route=\/wp\/v2\/types\/page"}],"author":[{"embeddable":true,"href":"https:\/\/demo.academiaempreendedor.pt\/index.php?rest_route=\/wp\/v2\/users\/1"}],"replies":[{"embeddable":true,"href":"https:\/\/demo.academiaempreendedor.pt\/index.php?rest_route=%2Fwp%2Fv2%2Fcomments&post=35"}],"version-history":[{"count":25,"href":"https:\/\/demo.academiaempreendedor.pt\/index.php?rest_route=\/wp\/v2\/pages\/35\/revisions"}],"predecessor-version":[{"id":100,"href":"https:\/\/demo.academiaempreendedor.pt\/index.php?rest_route=\/wp\/v2\/pages\/35\/revisions\/100"}],"wp:attachment":[{"href":"https:\/\/demo.academiaempreendedor.pt\/index.php?rest_route=%2Fwp%2Fv2%2Fmedia&parent=35"}],"curies":[{"name":"wp","href":"https:\/\/api.w.org\/{rel}","templated":true}]}}